{"id":3601,"date":"2025-05-08T17:58:50","date_gmt":"2025-05-08T17:58:50","guid":{"rendered":"https:\/\/stage.corwik.com\/manufacturing-and-sustainability\/"},"modified":"2025-08-22T12:58:27","modified_gmt":"2025-08-22T12:58:27","slug":"fabrication-et-developpement-durable","status":"publish","type":"page","link":"https:\/\/stage.corwik.com\/fr\/fabrication-et-developpement-durable\/","title":{"rendered":"Fabrication et d\u00e9veloppement durable"},"content":{"rendered":"\t\t<div data-elementor-type=\"wp-page\" data-elementor-id=\"3601\" class=\"elementor elementor-3601 elementor-2380\" data-elementor-post-type=\"page\">\n\t\t\t\t<div class=\"elementor-element elementor-element-b7631b2 e-con-full e-flex e-con e-parent\" data-id=\"b7631b2\" data-element_type=\"container\" data-settings=\"{&quot;background_background&quot;:&quot;classic&quot;}\">\n\t\t<div class=\"elementor-element elementor-element-4ebae26 e-flex e-con-boxed e-con e-child\" data-id=\"4ebae26\" data-element_type=\"container\">\n\t\t\t\t\t<div class=\"e-con-inner\">\n\t\t\t\t\t<\/div>\n\t\t\t\t<\/div>\n\t\t\t\t<\/div>\n\t\t<div class=\"elementor-element elementor-element-add1ce2 e-con-full e-flex e-con e-parent\" data-id=\"add1ce2\" data-element_type=\"container\">\n\t\t<div class=\"elementor-element elementor-element-d4dd06a e-flex e-con-boxed e-con e-child\" data-id=\"d4dd06a\" data-element_type=\"container\">\n\t\t\t\t\t<div class=\"e-con-inner\">\n\t\t<div class=\"elementor-element elementor-element-a739a3b e-con-full e-flex e-con e-child\" data-id=\"a739a3b\" data-element_type=\"container\">\n\t\t\t\t<div class=\"elementor-element elementor-element-f820d31 elementor-widget elementor-widget-text-editor\" data-id=\"f820d31\" data-element_type=\"widget\" data-widget_type=\"text-editor.default\">\n\t\t\t\t<div class=\"elementor-widget-container\">\n\t\t\t\t\t\t\t\t\t<p>Le d\u00e9veloppement durable est \u00e0 la base de tout ce que nous faisons. Nous travaillons en partenariat avec des fournisseurs soucieux de l\u2019environnement qui s\u2019efforcent de r\u00e9duire les \u00e9missions de carbone, d\u2019\u00e9conomiser l\u2019eau et de minimiser les d\u00e9chets textiles, prot\u00e9geant ainsi la plan\u00e8te \u00e0 chaque point de couture. <\/p>\t\t\t\t\t\t\t\t<\/div>\n\t\t\t\t<\/div>\n\t\t\t\t<\/div>\n\t\t\t\t\t<\/div>\n\t\t\t\t<\/div>\n\t\t\t\t<\/div>\n\t\t<div class=\"elementor-element elementor-element-51d8e82 e-con-full e-flex e-con e-parent\" data-id=\"51d8e82\" data-element_type=\"container\">\n\t\t<div class=\"elementor-element elementor-element-f6a5179 e-flex e-con-boxed e-con e-child\" data-id=\"f6a5179\" data-element_type=\"container\">\n\t\t\t\t\t<div class=\"e-con-inner\">\n\t\t<div class=\"elementor-element elementor-element-1484e56 e-con-full e-flex e-con e-child\" data-id=\"1484e56\" data-element_type=\"container\">\n\t\t\t\t<div class=\"elementor-element elementor-element-0c40c3d elementor-widget elementor-widget-heading\" data-id=\"0c40c3d\" data-element_type=\"widget\" data-widget_type=\"heading.default\">\n\t\t\t\t<div class=\"elementor-widget-container\">\n\t\t\t\t\t<h3 class=\"elementor-heading-title elementor-size-default\">Mat\u00e9riaux respectueux de l'environnement<\/h3>\t\t\t\t<\/div>\n\t\t\t\t<\/div>\n\t\t\t\t<div class=\"elementor-element elementor-element-beb2cd4 elementor-widget elementor-widget-text-editor\" data-id=\"beb2cd4\" data-element_type=\"widget\" data-widget_type=\"text-editor.default\">\n\t\t\t\t<div class=\"elementor-widget-container\">\n\t\t\t\t\t\t\t\t\t<p>Nos collections sont fabriqu\u00e9es \u00e0 partir de tissus issus du d\u00e9veloppement durable: coton, lyocell, Tencel et lin. Prouvant ainsi qu\u2019une qualit\u00e9 exceptionnelle et une mode respectueuse de l\u2019environnement peuvent aller de pair. <\/p>\t\t\t\t\t\t\t\t<\/div>\n\t\t\t\t<\/div>\n\t\t\t\t<\/div>\n\t\t<div class=\"elementor-element elementor-element-8182586 e-con-full e-flex e-con e-child\" data-id=\"8182586\" data-element_type=\"container\">\n\t\t\t\t<div class=\"elementor-element elementor-element-ae030d2 elementor-widget elementor-widget-image\" data-id=\"ae030d2\" data-element_type=\"widget\" data-widget_type=\"image.default\">\n\t\t\t\t<div class=\"elementor-widget-container\">\n\t\t\t\t\t\t\t\t\t\t\t\t\t\t\t<img fetchpriority=\"high\" decoding=\"async\" width=\"2560\" height=\"1707\" src=\"https:\/\/stage.corwik.com\/wp-content\/uploads\/2025\/07\/2H4A6024-scaled.jpg\" class=\"attachment-full size-full wp-image-3460\" alt=\"\" srcset=\"https:\/\/stage.corwik.com\/wp-content\/uploads\/2025\/07\/2H4A6024-scaled.jpg 2560w, https:\/\/stage.corwik.com\/wp-content\/uploads\/2025\/07\/2H4A6024-300x200.jpg 300w, https:\/\/stage.corwik.com\/wp-content\/uploads\/2025\/07\/2H4A6024-1024x683.jpg 1024w, https:\/\/stage.corwik.com\/wp-content\/uploads\/2025\/07\/2H4A6024-768x512.jpg 768w, https:\/\/stage.corwik.com\/wp-content\/uploads\/2025\/07\/2H4A6024-1536x1024.jpg 1536w, https:\/\/stage.corwik.com\/wp-content\/uploads\/2025\/07\/2H4A6024-2048x1365.jpg 2048w\" sizes=\"(max-width: 2560px) 100vw, 2560px\" \/>\t\t\t\t\t\t\t\t\t\t\t\t\t\t\t<\/div>\n\t\t\t\t<\/div>\n\t\t\t\t<\/div>\n\t\t\t\t\t<\/div>\n\t\t\t\t<\/div>\n\t\t<div class=\"elementor-element elementor-element-56a740f e-flex e-con-boxed e-con e-child\" data-id=\"56a740f\" data-element_type=\"container\">\n\t\t\t\t\t<div class=\"e-con-inner\">\n\t\t<div class=\"elementor-element elementor-element-39dd398 e-con-full e-flex e-con e-child\" data-id=\"39dd398\" data-element_type=\"container\">\n\t\t\t\t<div class=\"elementor-element elementor-element-cf24534 elementor-widget elementor-widget-image\" data-id=\"cf24534\" data-element_type=\"widget\" data-widget_type=\"image.default\">\n\t\t\t\t<div class=\"elementor-widget-container\">\n\t\t\t\t\t\t\t\t\t\t\t\t\t\t\t<img decoding=\"async\" width=\"2560\" height=\"1707\" src=\"https:\/\/stage.corwik.com\/wp-content\/uploads\/2025\/07\/2H4A5962-Edit-scaled.jpg\" class=\"attachment-full size-full wp-image-3448\" alt=\"\" srcset=\"https:\/\/stage.corwik.com\/wp-content\/uploads\/2025\/07\/2H4A5962-Edit-scaled.jpg 2560w, https:\/\/stage.corwik.com\/wp-content\/uploads\/2025\/07\/2H4A5962-Edit-300x200.jpg 300w, https:\/\/stage.corwik.com\/wp-content\/uploads\/2025\/07\/2H4A5962-Edit-1024x683.jpg 1024w, https:\/\/stage.corwik.com\/wp-content\/uploads\/2025\/07\/2H4A5962-Edit-768x512.jpg 768w, https:\/\/stage.corwik.com\/wp-content\/uploads\/2025\/07\/2H4A5962-Edit-1536x1024.jpg 1536w, https:\/\/stage.corwik.com\/wp-content\/uploads\/2025\/07\/2H4A5962-Edit-2048x1365.jpg 2048w\" sizes=\"(max-width: 2560px) 100vw, 2560px\" \/>\t\t\t\t\t\t\t\t\t\t\t\t\t\t\t<\/div>\n\t\t\t\t<\/div>\n\t\t\t\t<\/div>\n\t\t<div class=\"elementor-element elementor-element-6e972d3 e-con-full e-flex e-con e-child\" data-id=\"6e972d3\" data-element_type=\"container\">\n\t\t\t\t<div class=\"elementor-element elementor-element-fe8d46b elementor-widget elementor-widget-heading\" data-id=\"fe8d46b\" data-element_type=\"widget\" data-widget_type=\"heading.default\">\n\t\t\t\t<div class=\"elementor-widget-container\">\n\t\t\t\t\t<h3 class=\"elementor-heading-title elementor-size-default\">Pratiques durables<\/h3>\t\t\t\t<\/div>\n\t\t\t\t<\/div>\n\t\t\t\t<div class=\"elementor-element elementor-element-ff4ef0d elementor-widget elementor-widget-text-editor\" data-id=\"ff4ef0d\" data-element_type=\"widget\" data-widget_type=\"text-editor.default\">\n\t\t\t\t<div class=\"elementor-widget-container\">\n\t\t\t\t\t\t\t\t\t<p>Une grande partie de nos collections est fabriqu\u00e9e \u00e0 partir de tissus durables, ce qui nous permet de r\u00e9duire activement notre empreinte carbone sans compromettre le style.<\/p>\t\t\t\t\t\t\t\t<\/div>\n\t\t\t\t<\/div>\n\t\t\t\t<\/div>\n\t\t\t\t\t<\/div>\n\t\t\t\t<\/div>\n\t\t\t\t<\/div>\n\t\t<div class=\"elementor-element elementor-element-37555e1 e-con-full e-flex e-con e-parent\" data-id=\"37555e1\" data-element_type=\"container\">\n\t\t<div class=\"elementor-element elementor-element-ac152dc e-flex e-con-boxed e-con e-child\" data-id=\"ac152dc\" data-element_type=\"container\">\n\t\t\t\t\t<div class=\"e-con-inner\">\n\t\t\t\t<div class=\"elementor-element elementor-element-e6cfcff elementor-widget elementor-widget-heading\" data-id=\"e6cfcff\" data-element_type=\"widget\" data-widget_type=\"heading.default\">\n\t\t\t\t<div class=\"elementor-widget-container\">\n\t\t\t\t\t<h2 class=\"elementor-heading-title elementor-size-default\">Fabrication \u00e9thique et responsable<\/h2>\t\t\t\t<\/div>\n\t\t\t\t<\/div>\n\t\t<div class=\"elementor-element elementor-element-e23f75f e-grid e-con-full e-con e-child\" data-id=\"e23f75f\" data-element_type=\"container\">\n\t\t<div class=\"elementor-element elementor-element-97a7ff1 e-con-full e-flex e-con e-child\" data-id=\"97a7ff1\" data-element_type=\"container\">\n\t\t<div class=\"elementor-element elementor-element-a2c3bfa e-con-full e-flex e-con e-child\" data-id=\"a2c3bfa\" data-element_type=\"container\" data-settings=\"{&quot;background_background&quot;:&quot;classic&quot;}\">\n\t\t\t\t<\/div>\n\t\t<div class=\"elementor-element elementor-element-a4200b2 e-con-full e-flex e-con e-child\" data-id=\"a4200b2\" data-element_type=\"container\">\n\t\t\t\t<div class=\"elementor-element elementor-element-91df1d2 elementor-widget elementor-widget-heading\" data-id=\"91df1d2\" data-element_type=\"widget\" data-widget_type=\"heading.default\">\n\t\t\t\t<div class=\"elementor-widget-container\">\n\t\t\t\t\t<h4 class=\"elementor-heading-title elementor-size-default\">Transparence<br>de la cha\u00eene d'approvisionnement<\/h4>\t\t\t\t<\/div>\n\t\t\t\t<\/div>\n\t\t\t\t<div class=\"elementor-element elementor-element-91fa214 elementor-widget elementor-widget-text-editor\" data-id=\"91fa214\" data-element_type=\"widget\" data-widget_type=\"text-editor.default\">\n\t\t\t\t<div class=\"elementor-widget-container\">\n\t\t\t\t\t\t\t\t\t<p>Corwik maintient une visibilit\u00e9 totale \u00e0 chaque \u00e9tape de la production, en suivant m\u00e9ticuleusement les mat\u00e9riaux depuis l&rsquo;approvisionnement jusqu&rsquo;au produit final. Cet engagement garantit une qualit\u00e9 sans compromis, une transparence totale et une adh\u00e9sion stricte \u00e0 des pratiques de fabrication responsables. <\/p>\t\t\t\t\t\t\t\t<\/div>\n\t\t\t\t<\/div>\n\t\t\t\t<\/div>\n\t\t\t\t<\/div>\n\t\t<div class=\"elementor-element elementor-element-9c56ab3 e-con-full e-flex e-con e-child\" data-id=\"9c56ab3\" data-element_type=\"container\">\n\t\t<div class=\"elementor-element elementor-element-b291037 e-con-full e-flex e-con e-child\" data-id=\"b291037\" data-element_type=\"container\" data-settings=\"{&quot;background_background&quot;:&quot;classic&quot;}\">\n\t\t\t\t<\/div>\n\t\t<div class=\"elementor-element elementor-element-eaf5c58 e-con-full e-flex e-con e-child\" data-id=\"eaf5c58\" data-element_type=\"container\">\n\t\t\t\t<div class=\"elementor-element elementor-element-1a56988 elementor-widget elementor-widget-heading\" data-id=\"1a56988\" data-element_type=\"widget\" data-widget_type=\"heading.default\">\n\t\t\t\t<div class=\"elementor-widget-container\">\n\t\t\t\t\t<h4 class=\"elementor-heading-title elementor-size-default\">Certifications et normes de durabilit\u00e9<\/h4>\t\t\t\t<\/div>\n\t\t\t\t<\/div>\n\t\t\t\t<div class=\"elementor-element elementor-element-c81da87 elementor-widget elementor-widget-text-editor\" data-id=\"c81da87\" data-element_type=\"widget\" data-widget_type=\"text-editor.default\">\n\t\t\t\t<div class=\"elementor-widget-container\">\n\t\t\t\t\t\t\t\t\t<p>Corwik n&rsquo;utilise que des mat\u00e9riaux certifi\u00e9s, garantissant que les tissus sont organiques, recycl\u00e9s ou d&rsquo;origine responsable. Ces certifications refl\u00e8tent notre engagement in\u00e9branlable en faveur de pratiques de production durables et \u00e9thiques. <\/p>\t\t\t\t\t\t\t\t<\/div>\n\t\t\t\t<\/div>\n\t\t\t\t<\/div>\n\t\t\t\t<\/div>\n\t\t<div class=\"elementor-element elementor-element-5a2dab1 e-con-full e-flex e-con e-child\" data-id=\"5a2dab1\" data-element_type=\"container\">\n\t\t<div class=\"elementor-element elementor-element-1b655b1 e-con-full e-flex e-con e-child\" data-id=\"1b655b1\" data-element_type=\"container\" data-settings=\"{&quot;background_background&quot;:&quot;classic&quot;}\">\n\t\t\t\t<\/div>\n\t\t<div class=\"elementor-element elementor-element-7d34b07 e-con-full e-flex e-con e-child\" data-id=\"7d34b07\" data-element_type=\"container\">\n\t\t\t\t<div class=\"elementor-element elementor-element-2396e88 elementor-widget elementor-widget-heading\" data-id=\"2396e88\" data-element_type=\"widget\" data-widget_type=\"heading.default\">\n\t\t\t\t<div class=\"elementor-widget-container\">\n\t\t\t\t\t<h4 class=\"elementor-heading-title elementor-size-default\">Gestion des d\u00e9chets<\/h4>\t\t\t\t<\/div>\n\t\t\t\t<\/div>\n\t\t\t\t<div class=\"elementor-element elementor-element-517ed01 elementor-widget elementor-widget-text-editor\" data-id=\"517ed01\" data-element_type=\"widget\" data-widget_type=\"text-editor.default\">\n\t\t\t\t<div class=\"elementor-widget-container\">\n\t\t\t\t\t\t\t\t\t<p>Corwik innove en mati\u00e8re de r\u00e9duction des d\u00e9chets en int\u00e9grant l&rsquo;\u00e9chantillonnage num\u00e9rique pour certains types de v\u00eatements. Ces solutions avant-gardistes minimisent les d\u00e9chets mat\u00e9riels et am\u00e9liorent l&rsquo;efficacit\u00e9 de la production. <\/p>\t\t\t\t\t\t\t\t<\/div>\n\t\t\t\t<\/div>\n\t\t\t\t<\/div>\n\t\t\t\t<\/div>\n\t\t<div class=\"elementor-element elementor-element-b59db18 e-con-full e-flex e-con e-child\" data-id=\"b59db18\" data-element_type=\"container\">\n\t\t<div class=\"elementor-element elementor-element-4a8e015 e-con-full e-flex e-con e-child\" data-id=\"4a8e015\" data-element_type=\"container\" data-settings=\"{&quot;background_background&quot;:&quot;classic&quot;}\">\n\t\t\t\t<\/div>\n\t\t<div class=\"elementor-element elementor-element-153a3fd e-con-full e-flex e-con e-child\" data-id=\"153a3fd\" data-element_type=\"container\">\n\t\t\t\t<div class=\"elementor-element elementor-element-f6cae15 elementor-widget elementor-widget-heading\" data-id=\"f6cae15\" data-element_type=\"widget\" data-widget_type=\"heading.default\">\n\t\t\t\t<div class=\"elementor-widget-container\">\n\t\t\t\t\t<h4 class=\"elementor-heading-title elementor-size-default\">Empreinte carbone et action climatique<\/h4>\t\t\t\t<\/div>\n\t\t\t\t<\/div>\n\t\t\t\t<div class=\"elementor-element elementor-element-7213a32 elementor-widget elementor-widget-text-editor\" data-id=\"7213a32\" data-element_type=\"widget\" data-widget_type=\"text-editor.default\">\n\t\t\t\t<div class=\"elementor-widget-container\">\n\t\t\t\t\t\t\t\t\t<p>Corwik est \u00e0 l&rsquo;avant-garde de la conservation de l&rsquo;eau gr\u00e2ce au processus de teinture Airflow, qui r\u00e9duit consid\u00e9rablement l&rsquo;utilisation de l&rsquo;eau tout en maintenant des finitions de qualit\u00e9 sup\u00e9rieure.<\/p>\t\t\t\t\t\t\t\t<\/div>\n\t\t\t\t<\/div>\n\t\t\t\t<\/div>\n\t\t\t\t<\/div>\n\t\t\t\t<\/div>\n\t\t\t\t\t<\/div>\n\t\t\t\t<\/div>\n\t\t\t\t<\/div>\n\t\t<div class=\"elementor-element elementor-element-4797c0b e-con-full e-flex e-con e-parent\" data-id=\"4797c0b\" data-element_type=\"container\" data-settings=\"{&quot;background_background&quot;:&quot;classic&quot;}\">\n\t\t<div class=\"elementor-element elementor-element-4e2290d e-flex e-con-boxed e-con e-child\" data-id=\"4e2290d\" data-element_type=\"container\">\n\t\t\t\t\t<div class=\"e-con-inner\">\n\t\t\t\t<div class=\"elementor-element elementor-element-3b92ee6 elementor-widget elementor-widget-heading\" data-id=\"3b92ee6\" data-element_type=\"widget\" data-widget_type=\"heading.default\">\n\t\t\t\t<div class=\"elementor-widget-container\">\n\t\t\t\t\t<h3 class=\"elementor-heading-title elementor-size-default\">En savoir plus sur nos comp\u00e9tences<\/h3>\t\t\t\t<\/div>\n\t\t\t\t<\/div>\n\t\t<div class=\"elementor-element elementor-element-5331fa4 e-grid e-con-full e-con e-child\" data-id=\"5331fa4\" data-element_type=\"container\">\n\t\t<a class=\"elementor-element elementor-element-0f6040c e-con-full e-flex e-con e-child\" data-id=\"0f6040c\" data-element_type=\"container\" href=\"https:\/\/stage.corwik.com\/fr\/logistique-gestion-chaine-approvisionnement\/\">\n\t\t\t\t<div class=\"elementor-element elementor-element-74f5285 elementor-widget elementor-widget-image\" data-id=\"74f5285\" data-element_type=\"widget\" data-widget_type=\"image.default\">\n\t\t\t\t<div class=\"elementor-widget-container\">\n\t\t\t\t\t\t\t\t\t\t\t\t\t\t\t<img decoding=\"async\" width=\"1462\" height=\"578\" src=\"https:\/\/stage.corwik.com\/wp-content\/uploads\/2025\/07\/supply-chain-alt.png\" class=\"attachment-full size-full wp-image-3398\" alt=\"\" srcset=\"https:\/\/stage.corwik.com\/wp-content\/uploads\/2025\/07\/supply-chain-alt.png 1462w, https:\/\/stage.corwik.com\/wp-content\/uploads\/2025\/07\/supply-chain-alt-300x119.png 300w, https:\/\/stage.corwik.com\/wp-content\/uploads\/2025\/07\/supply-chain-alt-1024x405.png 1024w, https:\/\/stage.corwik.com\/wp-content\/uploads\/2025\/07\/supply-chain-alt-768x304.png 768w\" sizes=\"(max-width: 1462px) 100vw, 1462px\" \/>\t\t\t\t\t\t\t\t\t\t\t\t\t\t\t<\/div>\n\t\t\t\t<\/div>\n\t\t\t\t<div class=\"elementor-element elementor-element-5c833e4 elementor-widget elementor-widget-heading\" data-id=\"5c833e4\" data-element_type=\"widget\" data-widget_type=\"heading.default\">\n\t\t\t\t<div class=\"elementor-widget-container\">\n\t\t\t\t\t<h4 class=\"elementor-heading-title elementor-size-default\">Logistique et gestion des approvisionnements<\/h4>\t\t\t\t<\/div>\n\t\t\t\t<\/div>\n\t\t\t\t<\/a>\n\t\t<a class=\"elementor-element elementor-element-426cfed e-con-full e-flex e-con e-child\" data-id=\"426cfed\" data-element_type=\"container\" href=\"https:\/\/stage.corwik.com\/fr\/studio-de-creation\/\">\n\t\t\t\t<div class=\"elementor-element elementor-element-51a1389 elementor-widget elementor-widget-image\" data-id=\"51a1389\" data-element_type=\"widget\" data-widget_type=\"image.default\">\n\t\t\t\t<div class=\"elementor-widget-container\">\n\t\t\t\t\t\t\t\t\t\t\t\t\t\t\t<img loading=\"lazy\" decoding=\"async\" width=\"1460\" height=\"578\" src=\"https:\/\/stage.corwik.com\/wp-content\/uploads\/2025\/07\/sampling-alt.png\" class=\"attachment-full size-full wp-image-3396\" alt=\"\" srcset=\"https:\/\/stage.corwik.com\/wp-content\/uploads\/2025\/07\/sampling-alt.png 1460w, https:\/\/stage.corwik.com\/wp-content\/uploads\/2025\/07\/sampling-alt-300x119.png 300w, https:\/\/stage.corwik.com\/wp-content\/uploads\/2025\/07\/sampling-alt-1024x405.png 1024w, https:\/\/stage.corwik.com\/wp-content\/uploads\/2025\/07\/sampling-alt-768x304.png 768w\" sizes=\"(max-width: 1460px) 100vw, 1460px\" \/>\t\t\t\t\t\t\t\t\t\t\t\t\t\t\t<\/div>\n\t\t\t\t<\/div>\n\t\t\t\t<div class=\"elementor-element elementor-element-80838d2 elementor-widget elementor-widget-heading\" data-id=\"80838d2\" data-element_type=\"widget\" data-widget_type=\"heading.default\">\n\t\t\t\t<div class=\"elementor-widget-container\">\n\t\t\t\t\t<h4 class=\"elementor-heading-title elementor-size-default\">Studio de cr\u00e9ation<\/h4>\t\t\t\t<\/div>\n\t\t\t\t<\/div>\n\t\t\t\t<\/a>\n\t\t\t\t<\/div>\n\t\t\t\t\t<\/div>\n\t\t\t\t<\/div>\n\t\t\t\t<\/div>\n\t\t\t\t<\/div>\n\t\t","protected":false},"excerpt":{"rendered":"<p>Le d\u00e9veloppement durable est \u00e0 la base de tout ce que nous faisons. Nous travaillons en partenariat avec des fournisseurs soucieux de l\u2019environnement qui s\u2019efforcent de r\u00e9duire les \u00e9missions de carbone, d\u2019\u00e9conomiser l\u2019eau et de minimiser les d\u00e9chets textiles, prot\u00e9geant ainsi la plan\u00e8te \u00e0 chaque point de couture. Mat\u00e9riaux respectueux de l&rsquo;environnement Nos collections sont [&hellip;]<\/p>\n","protected":false},"author":3,"featured_media":3444,"parent":0,"menu_order":0,"comment_status":"closed","ping_status":"closed","template":"","meta":{"_acf_changed":false,"footnotes":""},"class_list":["post-3601","page","type-page","status-publish","has-post-thumbnail","hentry"],"acf":[],"_links":{"self":[{"href":"https:\/\/stage.corwik.com\/fr\/wp-json\/wp\/v2\/pages\/3601","targetHints":{"allow":["GET"]}}],"collection":[{"href":"https:\/\/stage.corwik.com\/fr\/wp-json\/wp\/v2\/pages"}],"about":[{"href":"https:\/\/stage.corwik.com\/fr\/wp-json\/wp\/v2\/types\/page"}],"author":[{"embeddable":true,"href":"https:\/\/stage.corwik.com\/fr\/wp-json\/wp\/v2\/users\/3"}],"replies":[{"embeddable":true,"href":"https:\/\/stage.corwik.com\/fr\/wp-json\/wp\/v2\/comments?post=3601"}],"version-history":[{"count":6,"href":"https:\/\/stage.corwik.com\/fr\/wp-json\/wp\/v2\/pages\/3601\/revisions"}],"predecessor-version":[{"id":3839,"href":"https:\/\/stage.corwik.com\/fr\/wp-json\/wp\/v2\/pages\/3601\/revisions\/3839"}],"wp:featuredmedia":[{"embeddable":true,"href":"https:\/\/stage.corwik.com\/fr\/wp-json\/wp\/v2\/media\/3444"}],"wp:attachment":[{"href":"https:\/\/stage.corwik.com\/fr\/wp-json\/wp\/v2\/media?parent=3601"}],"curies":[{"name":"wp","href":"https:\/\/api.w.org\/{rel}","templated":true}]}}